{"id":5,"date":"2024-03-04T19:03:04","date_gmt":"2024-03-04T18:03:04","guid":{"rendered":"https:\/\/finthar.se\/?page_id=5"},"modified":"2024-10-03T16:23:24","modified_gmt":"2024-10-03T14:23:24","slug":"finthar-har-salong-i-vasastan","status":"publish","type":"page","link":"https:\/\/finthar.se\/","title":{"rendered":"Finth\u00e5r &#8211; H\u00e5r salong i Vasastan"},"content":{"rendered":"\t\t<div data-elementor-type=\"wp-page\" data-elementor-id=\"5\" class=\"elementor elementor-5\">\n\t\t\t\t<div class=\"elementor-element elementor-element-osoerf1 e-flex e-con-boxed e-con e-parent\" data-id=\"osoerf1\" data-element_type=\"container\" data-settings=\"{&quot;background_background&quot;:&quot;classic&quot;}\">\n\t\t\t\t\t<div class=\"e-con-inner\">\n\t\t<div class=\"elementor-element elementor-element-ae129a1 e-flex e-con-boxed e-con e-child\" data-id=\"ae129a1\" data-element_type=\"container\">\n\t\t\t\t\t<div class=\"e-con-inner\">\n\t\t\t\t<div class=\"elementor-element elementor-element-d254cda elementor-widget elementor-widget-spacer\" data-id=\"d254cda\" data-element_type=\"widget\" data-widget_type=\"spacer.default\">\n\t\t\t\t<div class=\"elementor-widget-container\">\n\t\t\t\t\t\t\t<div class=\"elementor-spacer\">\n\t\t\t<div class=\"elementor-spacer-inner\"><\/div>\n\t\t<\/div>\n\t\t\t\t\t\t<\/div>\n\t\t\t\t<\/div>\n\t\t\t\t<div class=\"elementor-element elementor-element-af3fb9f elementor-widget elementor-widget-heading\" data-id=\"af3fb9f\" data-element_type=\"widget\" data-widget_type=\"heading.default\">\n\t\t\t\t<div class=\"elementor-widget-container\">\n\t\t\t\t\t<h1 class=\"elementor-heading-title elementor-size-default\">Fint H\u00e5r helt enkelt<\/h1>\t\t\t\t<\/div>\n\t\t\t\t<\/div>\n\t\t\t\t<div class=\"elementor-element elementor-element-5d6b6e1 elementor-widget elementor-widget-text-editor\" data-id=\"5d6b6e1\" data-element_type=\"widget\" data-widget_type=\"text-editor.default\">\n\t\t\t\t<div class=\"elementor-widget-container\">\n\t\t\t\t\t\t\t\t\t<p>Uppt\u00e4ck ditt vackraste jag med Finth\u00e5r &#8211; d\u00e4r varje str\u00e5 f\u00e5r str\u00e5la! V\u00e4lkommen att boka tid!<\/p>\t\t\t\t\t\t\t\t<\/div>\n\t\t\t\t<\/div>\n\t\t\t\t<div class=\"elementor-element elementor-element-4095416 elementor-mobile-align-center elementor-align-center elementor-widget elementor-widget-button\" data-id=\"4095416\" data-element_type=\"widget\" data-widget_type=\"button.default\">\n\t\t\t\t<div class=\"elementor-widget-container\">\n\t\t\t\t\t\t\t\t\t<div class=\"elementor-button-wrapper\">\n\t\t\t\t\t<a class=\"elementor-button elementor-button-link elementor-size-sm\" href=\"tel:084589040\">\n\t\t\t\t\t\t<span class=\"elementor-button-content-wrapper\">\n\t\t\t\t\t\t<span class=\"elementor-button-icon\">\n\t\t\t\t<svg aria-hidden=\"true\" class=\"e-font-icon-svg e-fas-caret-right\" viewBox=\"0 0 192 512\" xmlns=\"http:\/\/www.w3.org\/2000\/svg\"><path d=\"M0 384.662V127.338c0-17.818 21.543-26.741 34.142-14.142l128.662 128.662c7.81 7.81 7.81 20.474 0 28.284L34.142 398.804C21.543 411.404 0 402.48 0 384.662z\"><\/path><\/svg>\t\t\t<\/span>\n\t\t\t\t\t\t\t\t\t<span class=\"elementor-button-text\">BOKA TID<\/span>\n\t\t\t\t\t<\/span>\n\t\t\t\t\t<\/a>\n\t\t\t\t<\/div>\n\t\t\t\t\t\t\t\t<\/div>\n\t\t\t\t<\/div>\n\t\t\t\t<div class=\"elementor-element elementor-element-a9517d9 elementor-widget elementor-widget-spacer\" data-id=\"a9517d9\" data-element_type=\"widget\" data-widget_type=\"spacer.default\">\n\t\t\t\t<div class=\"elementor-widget-container\">\n\t\t\t\t\t\t\t<div class=\"elementor-spacer\">\n\t\t\t<div class=\"elementor-spacer-inner\"><\/div>\n\t\t<\/div>\n\t\t\t\t\t\t<\/div>\n\t\t\t\t<\/div>\n\t\t\t\t<div class=\"elementor-element elementor-element-3a3c59b elementor-widget elementor-widget-heading\" data-id=\"3a3c59b\" data-element_type=\"widget\" data-widget_type=\"heading.default\">\n\t\t\t\t<div class=\"elementor-widget-container\">\n\t\t\t\t\t<h6 class=\"elementor-heading-title elementor-size-default\">I SAMARBETE MED SCHWARZKOPF PROFESSIONAL<\/h6>\t\t\t\t<\/div>\n\t\t\t\t<\/div>\n\t\t\t\t<div class=\"elementor-element elementor-element-5e73aab elementor-widget elementor-widget-image\" data-id=\"5e73aab\" data-element_type=\"widget\" data-widget_type=\"image.default\">\n\t\t\t\t<div class=\"elementor-widget-container\">\n\t\t\t\t\t\t\t\t\t\t\t\t\t\t\t<img fetchpriority=\"high\" decoding=\"async\" width=\"324\" height=\"210\" src=\"https:\/\/finthar.se\/wp-content\/uploads\/2024\/03\/logo-schwarzkpof-professional-white-322x210px_orig.png\" class=\"attachment-full size-full wp-image-130\" alt=\"\" srcset=\"https:\/\/finthar.se\/wp-content\/uploads\/2024\/03\/logo-schwarzkpof-professional-white-322x210px_orig.png 324w, https:\/\/finthar.se\/wp-content\/uploads\/2024\/03\/logo-schwarzkpof-professional-white-322x210px_orig-300x194.png 300w\" sizes=\"(max-width: 324px) 100vw, 324px\" \/>\t\t\t\t\t\t\t\t\t\t\t\t\t\t\t<\/div>\n\t\t\t\t<\/div>\n\t\t\t\t\t<\/div>\n\t\t\t\t<\/div>\n\t\t\t\t\t<\/div>\n\t\t\t\t<\/div>\n\t\t<div class=\"elementor-element elementor-element-k5jaxhb e-flex e-con-boxed e-con e-parent\" data-id=\"k5jaxhb\" data-element_type=\"container\" data-settings=\"{&quot;background_background&quot;:&quot;classic&quot;}\">\n\t\t\t\t\t<div class=\"e-con-inner\">\n\t\t<div class=\"elementor-element elementor-element-bf26551 e-con-full e-flex e-con e-child\" data-id=\"bf26551\" data-element_type=\"container\">\n\t\t\t\t<div class=\"elementor-element elementor-element-efbf565 elementor-widget elementor-widget-text-editor\" data-id=\"efbf565\" data-element_type=\"widget\" data-widget_type=\"text-editor.default\">\n\t\t\t\t<div class=\"elementor-widget-container\">\n\t\t\t\t\t\t\t\t\t<p>P\u00e5 v\u00e5r salong p\u00e5 D\u00f6belnsgatan 47\u201349 i Vasastan \u00e4r du i centrum.<\/p>\t\t\t\t\t\t\t\t<\/div>\n\t\t\t\t<\/div>\n\t\t<div class=\"elementor-element elementor-element-5bfa529 e-con-full e-flex e-con e-child\" data-id=\"5bfa529\" data-element_type=\"container\">\n\t\t<div class=\"elementor-element elementor-element-eb0ac8b e-con-full e-flex e-con e-child\" data-id=\"eb0ac8b\" data-element_type=\"container\">\n\t\t\t\t<div class=\"elementor-element elementor-element-5d310b7 elementor-widget elementor-widget-text-editor\" data-id=\"5d310b7\" data-element_type=\"widget\" data-widget_type=\"text-editor.default\">\n\t\t\t\t<div class=\"elementor-widget-container\">\n\t\t\t\t\t\t\t\t\t<div class=\"grid-box width50 grid-h\"><div class=\"module mod-box widget_text deepest\"><p>Oavsett vilken av v\u00e5ra fris\u00f6rer du v\u00e4ljer vill vi att du ska k\u00e4nna dig v\u00e4lkommen n\u00e4r du kommer och n\u00f6jd n\u00e4r du l\u00e4mnar oss. V\u00e5rt koncept \u00e4r inte sv\u00e5rt \u2013 vi ger dig fint h\u00e5r, helt enkelt.\u00a0<\/p><\/div><\/div>\t\t\t\t\t\t\t\t<\/div>\n\t\t\t\t<\/div>\n\t\t\t\t<div class=\"elementor-element elementor-element-4ac61fd elementor-mobile-align-center elementor-widget elementor-widget-button\" data-id=\"4ac61fd\" data-element_type=\"widget\" data-widget_type=\"button.default\">\n\t\t\t\t<div class=\"elementor-widget-container\">\n\t\t\t\t\t\t\t\t\t<div class=\"elementor-button-wrapper\">\n\t\t\t\t\t<a class=\"elementor-button elementor-button-link elementor-size-sm\" href=\"#boka-tid\">\n\t\t\t\t\t\t<span class=\"elementor-button-content-wrapper\">\n\t\t\t\t\t\t<span class=\"elementor-button-icon\">\n\t\t\t\t<svg aria-hidden=\"true\" class=\"e-font-icon-svg e-fas-caret-right\" viewBox=\"0 0 192 512\" xmlns=\"http:\/\/www.w3.org\/2000\/svg\"><path d=\"M0 384.662V127.338c0-17.818 21.543-26.741 34.142-14.142l128.662 128.662c7.81 7.81 7.81 20.474 0 28.284L34.142 398.804C21.543 411.404 0 402.48 0 384.662z\"><\/path><\/svg>\t\t\t<\/span>\n\t\t\t\t\t\t\t\t\t<span class=\"elementor-button-text\">BOKA TID<\/span>\n\t\t\t\t\t<\/span>\n\t\t\t\t\t<\/a>\n\t\t\t\t<\/div>\n\t\t\t\t\t\t\t\t<\/div>\n\t\t\t\t<\/div>\n\t\t\t\t<\/div>\n\t\t<div class=\"elementor-element elementor-element-3455230 e-con-full e-flex e-con e-child\" data-id=\"3455230\" data-element_type=\"container\">\n\t\t\t\t<div class=\"elementor-element elementor-element-ae2165b elementor-widget elementor-widget-text-editor\" data-id=\"ae2165b\" data-element_type=\"widget\" data-widget_type=\"text-editor.default\">\n\t\t\t\t<div class=\"elementor-widget-container\">\n\t\t\t\t\t\t\t\t\t<p>Vi erbjuder noggrant utvalda produkter fr\u00e5n ledande varum\u00e4rken som hj\u00e4lper dig att uppr\u00e4tth\u00e5lla och v\u00e5rda ditt h\u00e5r mellan bes\u00f6ken hos oss. Med v\u00e5ra produkter kan du k\u00e4nna dig som en stj\u00e4rna varje dag.<\/p>\t\t\t\t\t\t\t\t<\/div>\n\t\t\t\t<\/div>\n\t\t\t\t<div class=\"elementor-element elementor-element-1b24579 elementor-mobile-align-center elementor-widget elementor-widget-button\" data-id=\"1b24579\" data-element_type=\"widget\" data-widget_type=\"button.default\">\n\t\t\t\t<div class=\"elementor-widget-container\">\n\t\t\t\t\t\t\t\t\t<div class=\"elementor-button-wrapper\">\n\t\t\t\t\t<a class=\"elementor-button elementor-button-link elementor-size-sm\" href=\"#boka-tid\">\n\t\t\t\t\t\t<span class=\"elementor-button-content-wrapper\">\n\t\t\t\t\t\t<span class=\"elementor-button-icon\">\n\t\t\t\t<svg aria-hidden=\"true\" class=\"e-font-icon-svg e-fas-caret-right\" viewBox=\"0 0 192 512\" xmlns=\"http:\/\/www.w3.org\/2000\/svg\"><path d=\"M0 384.662V127.338c0-17.818 21.543-26.741 34.142-14.142l128.662 128.662c7.81 7.81 7.81 20.474 0 28.284L34.142 398.804C21.543 411.404 0 402.48 0 384.662z\"><\/path><\/svg>\t\t\t<\/span>\n\t\t\t\t\t\t\t\t\t<span class=\"elementor-button-text\"> BOKA TID<\/span>\n\t\t\t\t\t<\/span>\n\t\t\t\t\t<\/a>\n\t\t\t\t<\/div>\n\t\t\t\t\t\t\t\t<\/div>\n\t\t\t\t<\/div>\n\t\t\t\t<\/div>\n\t\t\t\t<\/div>\n\t\t<div class=\"elementor-element elementor-element-6508ca0 e-con-full e-flex e-con e-child\" data-id=\"6508ca0\" data-element_type=\"container\">\n\t\t<div class=\"elementor-element elementor-element-4d541a7 e-con-full e-flex e-con e-child\" data-id=\"4d541a7\" data-element_type=\"container\">\n\t\t\t\t<div class=\"elementor-element elementor-element-d984fa7 elementor-widget elementor-widget-image-carousel\" data-id=\"d984fa7\" data-element_type=\"widget\" data-settings=\"{&quot;slides_to_show&quot;:&quot;1&quot;,&quot;navigation&quot;:&quot;none&quot;,&quot;autoplay&quot;:&quot;yes&quot;,&quot;pause_on_hover&quot;:&quot;yes&quot;,&quot;pause_on_interaction&quot;:&quot;yes&quot;,&quot;autoplay_speed&quot;:5000,&quot;infinite&quot;:&quot;yes&quot;,&quot;effect&quot;:&quot;slide&quot;,&quot;speed&quot;:500}\" data-widget_type=\"image-carousel.default\">\n\t\t\t\t<div class=\"elementor-widget-container\">\n\t\t\t\t\t\t\t<div class=\"elementor-image-carousel-wrapper swiper\" role=\"region\" aria-roledescription=\"carousel\" aria-label=\"Image Carousel\" dir=\"ltr\">\n\t\t\t<div class=\"elementor-image-carousel swiper-wrapper\" aria-live=\"off\">\n\t\t\t\t\t\t\t\t<div class=\"swiper-slide\" role=\"group\" aria-roledescription=\"slide\" aria-label=\"1 of 3\"><figure class=\"swiper-slide-inner\"><img decoding=\"async\" class=\"swiper-slide-image\" src=\"https:\/\/finthar.se\/wp-content\/uploads\/2024\/03\/Stolarna.jpeg\" alt=\"Stolarna\" \/><\/figure><\/div><div class=\"swiper-slide\" role=\"group\" aria-roledescription=\"slide\" aria-label=\"2 of 3\"><figure class=\"swiper-slide-inner\"><img decoding=\"async\" class=\"swiper-slide-image\" src=\"https:\/\/finthar.se\/wp-content\/uploads\/2024\/03\/Entre.jpeg\" alt=\"Entre\" \/><\/figure><\/div><div class=\"swiper-slide\" role=\"group\" aria-roledescription=\"slide\" aria-label=\"3 of 3\"><figure class=\"swiper-slide-inner\"><img decoding=\"async\" class=\"swiper-slide-image\" src=\"https:\/\/finthar.se\/wp-content\/uploads\/2024\/03\/Har-swatzkopf-c6d70f92f4.jpeg\" alt=\"Ha\u030ar swatzkopf-c6d70f92f4\" \/><\/figure><\/div>\t\t\t<\/div>\n\t\t\t\t\t\t\t\n\t\t\t\t\t\t\t\t\t<\/div>\n\t\t\t\t\t\t<\/div>\n\t\t\t\t<\/div>\n\t\t\t\t<\/div>\n\t\t\t\t<\/div>\n\t\t\t\t<\/div>\n\t\t\t\t\t<\/div>\n\t\t\t\t<\/div>\n\t\t<div class=\"elementor-element elementor-element-b9gzmww e-flex e-con-boxed e-con e-parent\" data-id=\"b9gzmww\" data-element_type=\"container\" id=\"boka-tid\" data-settings=\"{&quot;background_background&quot;:&quot;classic&quot;}\">\n\t\t\t\t\t<div class=\"e-con-inner\">\n\t\t<div class=\"elementor-element elementor-element-75796a0 e-con-full e-flex e-con e-child\" data-id=\"75796a0\" data-element_type=\"container\">\n\t\t\t\t<div class=\"elementor-element elementor-element-2c97b31 elementor-widget elementor-widget-heading\" data-id=\"2c97b31\" data-element_type=\"widget\" data-widget_type=\"heading.default\">\n\t\t\t\t<div class=\"elementor-widget-container\">\n\t\t\t\t\t<h2 class=\"elementor-heading-title elementor-size-default\">BOKA TID ELLER KONTAKTA OSS<\/h2>\t\t\t\t<\/div>\n\t\t\t\t<\/div>\n\t\t\t\t<div class=\"elementor-element elementor-element-1d955fc elementor-widget__width-initial elementor-widget elementor-widget-text-editor\" data-id=\"1d955fc\" data-element_type=\"widget\" data-widget_type=\"text-editor.default\">\n\t\t\t\t<div class=\"elementor-widget-container\">\n\t\t\t\t\t\t\t\t\t<p>Vi har \u00f6ppet efter kundens behov,<strong> 07:00 &#8211; 21:00<\/strong>, de flesta dagar. Svarar vi ej i telefon st\u00e5r vi upptagna i behandling,\u00a0l\u00e4mna ett meddelande s\u00e5 \u00e5terkommer vi s\u00e5 fort vi f\u00e5r m\u00f6jlighet.<\/p><p><a href=\"tel:084589040\">Ring oss<\/a> g\u00e4rna f\u00f6r prisf\u00f6rfr\u00e5gan, alla behandlingar \u00e4r unika och d\u00e4rf\u00f6r\u00a0ocks\u00e5 priset.<\/p><p>Avboka tid? Ring oss alltid!\u00a0P\u00e5 bokningar som sker vardagar fr\u00e5n 17.00 samt helgdagar och r\u00f6da dagar tillkommer 15% prish\u00f6jning per behandling.<\/p><p>OBS!\u00a0Det g\u00e5r EJ att boka tid via formul\u00e4ren til h\u00f6ger!\u00a0Vid ej avbokad tid debiteras du f\u00f6r behandlingen.\u00a0Avbokning som sker senare \u00e4n 24h innan bokad tid debiteras med 100%<\/p>\t\t\t\t\t\t\t\t<\/div>\n\t\t\t\t<\/div>\n\t\t\t\t<div class=\"elementor-element elementor-element-2a51067 elementor-widget-divider--view-line elementor-widget elementor-widget-divider\" data-id=\"2a51067\" data-element_type=\"widget\" data-widget_type=\"divider.default\">\n\t\t\t\t<div class=\"elementor-widget-container\">\n\t\t\t\t\t\t\t<div class=\"elementor-divider\">\n\t\t\t<span class=\"elementor-divider-separator\">\n\t\t\t\t\t\t<\/span>\n\t\t<\/div>\n\t\t\t\t\t\t<\/div>\n\t\t\t\t<\/div>\n\t\t\t\t<\/div>\n\t\t<div class=\"elementor-element elementor-element-ed29367 e-con-full e-flex e-con e-child\" data-id=\"ed29367\" data-element_type=\"container\">\n\t\t\t\t<div class=\"elementor-element elementor-element-9fa0d35 elementor-position-left elementor-view-default elementor-mobile-position-top elementor-vertical-align-top elementor-widget elementor-widget-icon-box\" data-id=\"9fa0d35\" data-element_type=\"widget\" data-widget_type=\"icon-box.default\">\n\t\t\t\t<div class=\"elementor-widget-container\">\n\t\t\t\t\t\t\t<div class=\"elementor-icon-box-wrapper\">\n\n\t\t\t\t\t\t<div class=\"elementor-icon-box-icon\">\n\t\t\t\t<a href=\"https:\/\/www.google.com\/maps\/dir\/\/D%C3%B6belnsgatan+47,+113+52+Stockholm\/data=!4m6!4m5!1m1!4e2!1m2!1m1!1s0x465f9d68dd632a9d:0x198120b704d6d8b1?sa=X&#038;ved=2ahUKEwjZoezRotuEAxVVFhAIHYBZAH8QwwV6BAgWEAA\" class=\"elementor-icon\" tabindex=\"-1\" aria-label=\"HITTA HIT\">\n\t\t\t\t<svg aria-hidden=\"true\" class=\"e-font-icon-svg e-fas-map-marker-alt\" viewBox=\"0 0 384 512\" xmlns=\"http:\/\/www.w3.org\/2000\/svg\"><path d=\"M172.268 501.67C26.97 291.031 0 269.413 0 192 0 85.961 85.961 0 192 0s192 85.961 192 192c0 77.413-26.97 99.031-172.268 309.67-9.535 13.774-29.93 13.773-39.464 0zM192 272c44.183 0 80-35.817 80-80s-35.817-80-80-80-80 35.817-80 80 35.817 80 80 80z\"><\/path><\/svg>\t\t\t\t<\/a>\n\t\t\t<\/div>\n\t\t\t\n\t\t\t\t\t\t<div class=\"elementor-icon-box-content\">\n\n\t\t\t\t\t\t\t\t\t<h6 class=\"elementor-icon-box-title\">\n\t\t\t\t\t\t<a href=\"https:\/\/www.google.com\/maps\/dir\/\/D%C3%B6belnsgatan+47,+113+52+Stockholm\/data=!4m6!4m5!1m1!4e2!1m2!1m1!1s0x465f9d68dd632a9d:0x198120b704d6d8b1?sa=X&#038;ved=2ahUKEwjZoezRotuEAxVVFhAIHYBZAH8QwwV6BAgWEAA\" >\n\t\t\t\t\t\t\tHITTA HIT\t\t\t\t\t\t<\/a>\n\t\t\t\t\t<\/h6>\n\t\t\t\t\n\t\t\t\t\t\t\t\t\t<p class=\"elementor-icon-box-description\">\n\t\t\t\t\t\tD\u00f6belnsgatan 47,\n113 52 Stockholm\t\t\t\t\t<\/p>\n\t\t\t\t\n\t\t\t<\/div>\n\t\t\t\n\t\t<\/div>\n\t\t\t\t\t\t<\/div>\n\t\t\t\t<\/div>\n\t\t\t\t<div class=\"elementor-element elementor-element-0955f86 elementor-icon-list--layout-traditional elementor-list-item-link-full_width elementor-widget elementor-widget-icon-list\" data-id=\"0955f86\" data-element_type=\"widget\" data-widget_type=\"icon-list.default\">\n\t\t\t\t<div class=\"elementor-widget-container\">\n\t\t\t\t\t\t\t<ul class=\"elementor-icon-list-items\">\n\t\t\t\t\t\t\t<li class=\"elementor-icon-list-item\">\n\t\t\t\t\t\t\t\t\t\t\t<a href=\"https:\/\/www.facebook.com\/people\/Fint-H%C3%A5r-Helt-Enkelt\/100063801980233\/\">\n\n\t\t\t\t\t\t\t\t\t\t\t\t<span class=\"elementor-icon-list-icon\">\n\t\t\t\t\t\t\t<svg aria-hidden=\"true\" class=\"e-font-icon-svg e-fab-facebook\" viewBox=\"0 0 512 512\" xmlns=\"http:\/\/www.w3.org\/2000\/svg\"><path d=\"M504 256C504 119 393 8 256 8S8 119 8 256c0 123.78 90.69 226.38 209.25 245V327.69h-63V256h63v-54.64c0-62.15 37-96.48 93.67-96.48 27.14 0 55.52 4.84 55.52 4.84v61h-31.28c-30.8 0-40.41 19.12-40.41 38.73V256h68.78l-11 71.69h-57.78V501C413.31 482.38 504 379.78 504 256z\"><\/path><\/svg>\t\t\t\t\t\t<\/span>\n\t\t\t\t\t\t\t\t\t\t<span class=\"elementor-icon-list-text\">Facebook<\/span>\n\t\t\t\t\t\t\t\t\t\t\t<\/a>\n\t\t\t\t\t\t\t\t\t<\/li>\n\t\t\t\t\t\t<\/ul>\n\t\t\t\t\t\t<\/div>\n\t\t\t\t<\/div>\n\t\t<div class=\"elementor-element elementor-element-d77f690 e-con-full e-flex e-con e-child\" data-id=\"d77f690\" data-element_type=\"container\">\n\t\t\t\t<div class=\"elementor-element elementor-element-cdb0a2d elementor-position-left elementor-widget__width-initial elementor-widget-tablet__width-inherit elementor-view-default elementor-mobile-position-top elementor-vertical-align-top elementor-widget elementor-widget-icon-box\" data-id=\"cdb0a2d\" data-element_type=\"widget\" data-widget_type=\"icon-box.default\">\n\t\t\t\t<div class=\"elementor-widget-container\">\n\t\t\t\t\t\t\t<div class=\"elementor-icon-box-wrapper\">\n\n\t\t\t\t\t\t<div class=\"elementor-icon-box-icon\">\n\t\t\t\t<span  class=\"elementor-icon\">\n\t\t\t\t<svg aria-hidden=\"true\" class=\"e-font-icon-svg e-fas-clock\" viewBox=\"0 0 512 512\" xmlns=\"http:\/\/www.w3.org\/2000\/svg\"><path d=\"M256,8C119,8,8,119,8,256S119,504,256,504,504,393,504,256,393,8,256,8Zm92.49,313h0l-20,25a16,16,0,0,1-22.49,2.5h0l-67-49.72a40,40,0,0,1-15-31.23V112a16,16,0,0,1,16-16h32a16,16,0,0,1,16,16V256l58,42.5A16,16,0,0,1,348.49,321Z\"><\/path><\/svg>\t\t\t\t<\/span>\n\t\t\t<\/div>\n\t\t\t\n\t\t\t\t\t\t<div class=\"elementor-icon-box-content\">\n\n\t\t\t\t\t\t\t\t\t<h6 class=\"elementor-icon-box-title\">\n\t\t\t\t\t\t<span  >\n\t\t\t\t\t\t\t\u00d6ppettider\t\t\t\t\t\t<\/span>\n\t\t\t\t\t<\/h6>\n\t\t\t\t\n\t\t\t\t\t\t\t\t\t<p class=\"elementor-icon-box-description\">\n\t\t\t\t\t\t07:00 - 21:00 (Efter behov)\t\t\t\t\t<\/p>\n\t\t\t\t\n\t\t\t<\/div>\n\t\t\t\n\t\t<\/div>\n\t\t\t\t\t\t<\/div>\n\t\t\t\t<\/div>\n\t\t\t\t<div class=\"elementor-element elementor-element-ccaf3e4 elementor-position-left elementor-widget__width-initial elementor-widget-tablet__width-inherit elementor-view-default elementor-mobile-position-top elementor-vertical-align-top elementor-widget elementor-widget-icon-box\" data-id=\"ccaf3e4\" data-element_type=\"widget\" data-widget_type=\"icon-box.default\">\n\t\t\t\t<div class=\"elementor-widget-container\">\n\t\t\t\t\t\t\t<div class=\"elementor-icon-box-wrapper\">\n\n\t\t\t\t\t\t<div class=\"elementor-icon-box-icon\">\n\t\t\t\t<span  class=\"elementor-icon\">\n\t\t\t\t<svg aria-hidden=\"true\" class=\"e-font-icon-svg e-fas-store\" viewBox=\"0 0 616 512\" xmlns=\"http:\/\/www.w3.org\/2000\/svg\"><path d=\"M602 118.6L537.1 15C531.3 5.7 521 0 510 0H106C95 0 84.7 5.7 78.9 15L14 118.6c-33.5 53.5-3.8 127.9 58.8 136.4 4.5.6 9.1.9 13.7.9 29.6 0 55.8-13 73.8-33.1 18 20.1 44.3 33.1 73.8 33.1 29.6 0 55.8-13 73.8-33.1 18 20.1 44.3 33.1 73.8 33.1 29.6 0 55.8-13 73.8-33.1 18.1 20.1 44.3 33.1 73.8 33.1 4.7 0 9.2-.3 13.7-.9 62.8-8.4 92.6-82.8 59-136.4zM529.5 288c-10 0-19.9-1.5-29.5-3.8V384H116v-99.8c-9.6 2.2-19.5 3.8-29.5 3.8-6 0-12.1-.4-18-1.2-5.6-.8-11.1-2.1-16.4-3.6V480c0 17.7 14.3 32 32 32h448c17.7 0 32-14.3 32-32V283.2c-5.4 1.6-10.8 2.9-16.4 3.6-6.1.8-12.1 1.2-18.2 1.2z\"><\/path><\/svg>\t\t\t\t<\/span>\n\t\t\t<\/div>\n\t\t\t\n\t\t\t\t\t\t<div class=\"elementor-icon-box-content\">\n\n\t\t\t\t\t\t\t\t\t<h6 class=\"elementor-icon-box-title\">\n\t\t\t\t\t\t<span  >\n\t\t\t\t\t\t\tKontakt\t\t\t\t\t\t<\/span>\n\t\t\t\t\t<\/h6>\n\t\t\t\t\n\t\t\t\t\t\t\t\t\t<p class=\"elementor-icon-box-description\">\n\t\t\t\t\t\tTelefon: 08 \u2013 458 90 40<br>E-post: info@finthar.se\t\t\t\t\t<\/p>\n\t\t\t\t\n\t\t\t<\/div>\n\t\t\t\n\t\t<\/div>\n\t\t\t\t\t\t<\/div>\n\t\t\t\t<\/div>\n\t\t\t\t<\/div>\n\t\t\t\t<\/div>\n\t\t\t\t\t<\/div>\n\t\t\t\t<\/div>\n\t\t\t\t<\/div>\n\t\t","protected":false},"excerpt":{"rendered":"<p>Fint H\u00e5r helt enkelt Uppt\u00e4ck ditt vackraste jag med Finth\u00e5r &#8211; d\u00e4r varje str\u00e5 f\u00e5r str\u00e5la! V\u00e4lkommen att boka tid! [&hellip;]<\/p>\n","protected":false},"author":1,"featured_media":0,"parent":0,"menu_order":0,"comment_status":"closed","ping_status":"closed","template":"","meta":{"site-sidebar-layout":"no-sidebar","site-content-layout":"","ast-site-content-layout":"full-width-container","site-content-style":"default","site-sidebar-style":"default","ast-global-header-display":"","ast-banner-title-visibility":"","ast-main-header-display":"","ast-hfb-above-header-display":"","ast-hfb-below-header-display":"","ast-hfb-mobile-header-display":"","site-post-title":"disabled","ast-breadcrumbs-content":"","ast-featured-img":"disabled","footer-sml-layout":"","ast-disable-related-posts":"","theme-transparent-header-meta":"","adv-header-id-meta":"","stick-header-meta":"","header-above-stick-meta":"","header-main-stick-meta":"","header-below-stick-meta":"","astra-migrate-meta-layouts":"default","ast-page-background-enabled":"default","ast-page-background-meta":{"desktop":{"background-color":"var(--ast-global-color-4)","background-image":"","background-repeat":"repeat","background-position":"center center","background-size":"auto","background-attachment":"scroll","background-type":"","background-media":"","overlay-type":"","overlay-color":"","overlay-opacity":"","overlay-gradient":""},"tablet":{"background-color":"","background-image":"","background-repeat":"repeat","background-position":"center center","background-size":"auto","background-attachment":"scroll","background-type":"","background-media":"","overlay-type":"","overlay-color":"","overlay-opacity":"","overlay-gradient":""},"mobile":{"background-color":"","background-image":"","background-repeat":"repeat","background-position":"center center","background-size":"auto","background-attachment":"scroll","background-type":"","background-media":"","overlay-type":"","overlay-color":"","overlay-opacity":"","overlay-gradient":""}},"ast-content-background-meta":{"desktop":{"background-color":"var(--ast-global-color-5)","background-image":"","background-repeat":"repeat","background-position":"center center","background-size":"auto","background-attachment":"scroll","background-type":"","background-media":"","overlay-type":"","overlay-color":"","overlay-opacity":"","overlay-gradient":""},"tablet":{"background-color":"var(--ast-global-color-5)","background-image":"","background-repeat":"repeat","background-position":"center center","background-size":"auto","background-attachment":"scroll","background-type":"","background-media":"","overlay-type":"","overlay-color":"","overlay-opacity":"","overlay-gradient":""},"mobile":{"background-color":"var(--ast-global-color-5)","background-image":"","background-repeat":"repeat","background-position":"center center","background-size":"auto","background-attachment":"scroll","background-type":"","background-media":"","overlay-type":"","overlay-color":"","overlay-opacity":"","overlay-gradient":""}},"footnotes":""},"_links":{"self":[{"href":"https:\/\/finthar.se\/index.php?rest_route=\/wp\/v2\/pages\/5"}],"collection":[{"href":"https:\/\/finthar.se\/index.php?rest_route=\/wp\/v2\/pages"}],"about":[{"href":"https:\/\/finthar.se\/index.php?rest_route=\/wp\/v2\/types\/page"}],"author":[{"embeddable":true,"href":"https:\/\/finthar.se\/index.php?rest_route=\/wp\/v2\/users\/1"}],"replies":[{"embeddable":true,"href":"https:\/\/finthar.se\/index.php?rest_route=%2Fwp%2Fv2%2Fcomments&post=5"}],"version-history":[{"count":128,"href":"https:\/\/finthar.se\/index.php?rest_route=\/wp\/v2\/pages\/5\/revisions"}],"predecessor-version":[{"id":185,"href":"https:\/\/finthar.se\/index.php?rest_route=\/wp\/v2\/pages\/5\/revisions\/185"}],"wp:attachment":[{"href":"https:\/\/finthar.se\/index.php?rest_route=%2Fwp%2Fv2%2Fmedia&parent=5"}],"curies":[{"name":"wp","href":"https:\/\/api.w.org\/{rel}","templated":true}]}}