{"id":113,"date":"2024-03-04T20:51:03","date_gmt":"2024-03-04T19:51:03","guid":{"rendered":"https:\/\/finthar.se\/?page_id=113"},"modified":"2024-03-04T20:51:04","modified_gmt":"2024-03-04T19:51:04","slug":"integritetspolicy-for-fint-har","status":"publish","type":"page","link":"https:\/\/finthar.se\/?page_id=113","title":{"rendered":"Integritetspolicy f\u00f6r Fint H\u00e5r"},"content":{"rendered":"\n<p>Denna integritetspolicy f\u00f6rklarar hur Fint H\u00e5r samlar in, anv\u00e4nder och skyddar de personuppgifter som du tillhandah\u00e5ller n\u00e4r du anv\u00e4nder v\u00e5r webbplats eller v\u00e5ra tj\u00e4nster.<\/p>\n\n\n\n<ol>\n<li>Insamlade personuppgifter: Vi kan samla in personuppgifter fr\u00e5n dig n\u00e4r du anv\u00e4nder v\u00e5r webbplats eller kommunicerar med oss p\u00e5 annat s\u00e4tt. Dessa uppgifter kan inkludera namn, kontaktinformation, betalningsinformation och andra uppgifter som du frivilligt tillhandah\u00e5ller oss.<\/li>\n\n\n\n<li>Anv\u00e4ndning av personuppgifter: Vi anv\u00e4nder de insamlade personuppgifterna f\u00f6r att tillhandah\u00e5lla v\u00e5ra tj\u00e4nster, kommunicera med dig, behandla betalningar och f\u00f6rb\u00e4ttra v\u00e5r webbplats och v\u00e5ra tj\u00e4nster. Vi kan \u00e4ven anv\u00e4nda dina uppgifter f\u00f6r marknadsf\u00f6rings\u00e4ndam\u00e5l, men endast om du har gett ditt samtycke till detta.<\/li>\n\n\n\n<li>Delning av personuppgifter: Vi delar inte dina personuppgifter med tredje parter f\u00f6r marknadsf\u00f6rings\u00e4ndam\u00e5l utan ditt samtycke. Vi kan dock dela dina uppgifter med v\u00e5ra betrodda tj\u00e4nsteleverant\u00f6rer som hj\u00e4lper oss att tillhandah\u00e5lla v\u00e5ra tj\u00e4nster, s\u00e5som betalningsbehandlare och leveransf\u00f6retag.<\/li>\n\n\n\n<li>Dataskydd: Vi vidtar l\u00e4mpliga tekniska och organisatoriska \u00e5tg\u00e4rder f\u00f6r att skydda dina personuppgifter mot obeh\u00f6rig \u00e5tkomst, \u00e4ndring, spridning eller f\u00f6rlust.<\/li>\n\n\n\n<li>Cookie-policy: Vi anv\u00e4nder cookies p\u00e5 v\u00e5r webbplats f\u00f6r att f\u00f6rb\u00e4ttra anv\u00e4ndarupplevelsen och analysera webbplatstrafik. Genom att anv\u00e4nda v\u00e5r webbplats samtycker du till anv\u00e4ndningen av cookies enligt v\u00e5r cookie-policy.<\/li>\n\n\n\n<li>Dina r\u00e4ttigheter: Du har r\u00e4tt att beg\u00e4ra tillg\u00e5ng till, korrigering av eller radering av dina personuppgifter som vi har lagrat. Du har \u00e4ven r\u00e4tt att mots\u00e4tta dig behandlingen av dina uppgifter eller beg\u00e4ra begr\u00e4nsning av behandlingen. F\u00f6r att ut\u00f6va dina r\u00e4ttigheter eller om du har n\u00e5gra fr\u00e5gor ang\u00e5ende v\u00e5r integritetspolicy, v\u00e4nligen kontakta oss.<\/li>\n<\/ol>\n\n\n\n<p>Genom att anv\u00e4nda v\u00e5r webbplats samtycker du till v\u00e5r integritetspolicy och behandlingen av dina personuppgifter enligt beskrivningen ovan. Vi f\u00f6rbeh\u00e5ller oss r\u00e4tten att \u00e4ndra denna integritetspolicy n\u00e4r som helst. Eventuella \u00e4ndringar kommer att publiceras p\u00e5 denna sida.<\/p>\n","protected":false},"excerpt":{"rendered":"<p>Denna integritetspolicy f\u00f6rklarar hur Fint H\u00e5r samlar in, anv\u00e4nder och skyddar de personuppgifter som du tillhandah\u00e5ller n\u00e4r du anv\u00e4nder v\u00e5r [&hellip;]<\/p>\n","protected":false},"author":1,"featured_media":0,"parent":0,"menu_order":0,"comment_status":"closed","ping_status":"closed","template":"","meta":{"site-sidebar-layout":"default","site-content-layout":"","ast-site-content-layout":"default","site-content-style":"default","site-sidebar-style":"default","ast-global-header-display":"","ast-banner-title-visibility":"","ast-main-header-display":"","ast-hfb-above-header-display":"","ast-hfb-below-header-display":"","ast-hfb-mobile-header-display":"","site-post-title":"","ast-breadcrumbs-content":"","ast-featured-img":"","footer-sml-layout":"","ast-disable-related-posts":"","theme-transparent-header-meta":"","adv-header-id-meta":"","stick-header-meta":"","header-above-stick-meta":"","header-main-stick-meta":"","header-below-stick-meta":"","astra-migrate-meta-layouts":"default","ast-page-background-enabled":"default","ast-page-background-meta":{"desktop":{"background-color":"var(--ast-global-color-4)","background-image":"","background-repeat":"repeat","background-position":"center center","background-size":"auto","background-attachment":"scroll","background-type":"","background-media":"","overlay-type":"","overlay-color":"","overlay-opacity":"","overlay-gradient":""},"tablet":{"background-color":"","background-image":"","background-repeat":"repeat","background-position":"center center","background-size":"auto","background-attachment":"scroll","background-type":"","background-media":"","overlay-type":"","overlay-color":"","overlay-opacity":"","overlay-gradient":""},"mobile":{"background-color":"","background-image":"","background-repeat":"repeat","background-position":"center center","background-size":"auto","background-attachment":"scroll","background-type":"","background-media":"","overlay-type":"","overlay-color":"","overlay-opacity":"","overlay-gradient":""}},"ast-content-background-meta":{"desktop":{"background-color":"var(--ast-global-color-5)","background-image":"","background-repeat":"repeat","background-position":"center center","background-size":"auto","background-attachment":"scroll","background-type":"","background-media":"","overlay-type":"","overlay-color":"","overlay-opacity":"","overlay-gradient":""},"tablet":{"background-color":"var(--ast-global-color-5)","background-image":"","background-repeat":"repeat","background-position":"center center","background-size":"auto","background-attachment":"scroll","background-type":"","background-media":"","overlay-type":"","overlay-color":"","overlay-opacity":"","overlay-gradient":""},"mobile":{"background-color":"var(--ast-global-color-5)","background-image":"","background-repeat":"repeat","background-position":"center center","background-size":"auto","background-attachment":"scroll","background-type":"","background-media":"","overlay-type":"","overlay-color":"","overlay-opacity":"","overlay-gradient":""}},"footnotes":""},"_links":{"self":[{"href":"https:\/\/finthar.se\/index.php?rest_route=\/wp\/v2\/pages\/113"}],"collection":[{"href":"https:\/\/finthar.se\/index.php?rest_route=\/wp\/v2\/pages"}],"about":[{"href":"https:\/\/finthar.se\/index.php?rest_route=\/wp\/v2\/types\/page"}],"author":[{"embeddable":true,"href":"https:\/\/finthar.se\/index.php?rest_route=\/wp\/v2\/users\/1"}],"replies":[{"embeddable":true,"href":"https:\/\/finthar.se\/index.php?rest_route=%2Fwp%2Fv2%2Fcomments&post=113"}],"version-history":[{"count":1,"href":"https:\/\/finthar.se\/index.php?rest_route=\/wp\/v2\/pages\/113\/revisions"}],"predecessor-version":[{"id":114,"href":"https:\/\/finthar.se\/index.php?rest_route=\/wp\/v2\/pages\/113\/revisions\/114"}],"wp:attachment":[{"href":"https:\/\/finthar.se\/index.php?rest_route=%2Fwp%2Fv2%2Fmedia&parent=113"}],"curies":[{"name":"wp","href":"https:\/\/api.w.org\/{rel}","templated":true}]}}